{"id":1161,"date":"2025-04-22T13:12:07","date_gmt":"2025-04-22T11:12:07","guid":{"rendered":"https:\/\/taqathyplus.org\/taqathy\/"},"modified":"2026-04-16T18:22:36","modified_gmt":"2026-04-16T16:22:36","slug":"taqathy","status":"publish","type":"page","link":"https:\/\/taqathyplus.org\/ar\/taqathy\/","title":{"rendered":"\u0637\u0627\u0642\u0627\u062a\u064a+"},"content":{"rendered":"\n<div class=\"wp-block-columns mg-top is-layout-flex wp-container-core-columns-is-layout-9d6595d7 wp-block-columns-is-layout-flex\">\n<div class=\"wp-block-column is-layout-flow wp-block-column-is-layout-flow\" style=\"flex-basis:58%\">\n<h2 class=\"wp-block-heading has-text-align-left text-gradient has-large-font-size\">\u0645\u0634\u0631\u0648\u0639 \u0627\u0633\u062a\u0631\u0627\u062a\u064a\u062c\u064a \u0644\u0645\u0633\u062a\u0642\u0628\u0644 \u0627\u0644\u0637\u0627\u0642\u0629 \u0641\u064a \u0627\u0644\u062c\u0632\u0627\u0626\u0631<\/h2>\n\n\n\n<p class=\"has-text-align-left text-with-line\" style=\"border-top-style:none;border-top-width:0px;border-right-style:none;border-right-width:0px;border-bottom-style:none;border-bottom-width:0px\">\u0641\u064a \u0638\u0644 \u0627\u0644\u062a\u062d\u062f\u064a\u0627\u062a \u0627\u0644\u0645\u0646\u0627\u062e\u064a\u0629 \u0627\u0644\u0639\u0627\u0644\u0645\u064a\u0629 \u0627\u0644\u0645\u062a\u0633\u0627\u0631\u0639\u0629 \u0648\u0627\u0644\u0633\u0639\u064a \u0646\u062d\u0648 \u062a\u062d\u0642\u064a\u0642 \u0627\u0644\u062a\u0646\u0645\u064a\u0629 \u0627\u0644\u0645\u0633\u062a\u062f\u0627\u0645\u0629\u060c \u062a\u0646\u062e\u0631\u0637 \u0627\u0644\u062c\u0632\u0627\u0626\u0631 \u0628\u0634\u0643\u0644 \u062d\u0627\u0632\u0645 \u0641\u064a \u0645\u0633\u0627\u0631 \u0627\u0646\u062a\u0642\u0627\u0644 \u0637\u0627\u0642\u0648\u064a \u0637\u0645\u0648\u062d\u060c \u064a\u062a\u0645\u0627\u0634\u0649 \u0645\u0639 \u0627\u0644\u062a\u0632\u0627\u0645\u0627\u062a\u0647\u0627 \u0627\u0644\u0628\u064a\u0626\u064a\u0629 \u0648\u0627\u0644\u0627\u0642\u062a\u0635\u0627\u062f\u064a\u0629 \u0648\u0627\u0644\u0627\u062c\u062a\u0645\u0627\u0639\u064a\u0629.<br\/><br\/>\u0648\u0641\u064a \u0647\u0630\u0627 \u0627\u0644\u0625\u0637\u0627\u0631 \u064a\u0646\u062f\u0631\u062c \u0645\u0634\u0631\u0648\u0639 \u0637\u0627\u0642\u0627\u062a\u064a+\u060c \u0648\u0647\u0648 \u0628\u0631\u0646\u0627\u0645\u062c \u0647\u064a\u0643\u0644\u064a \u0648\u0627\u0639\u062f \u0644\u0644\u0645\u0633\u062a\u0642\u0628\u0644. \u064a\u062a\u0645 \u062a\u0645\u0648\u064a\u0644\u0647 \u0628\u0634\u0643\u0644 \u0645\u0634\u062a\u0631\u0643 \u0645\u0646 \u0642\u0628\u0644 \u0627\u0644\u0627\u062a\u062d\u0627\u062f \u0627\u0644\u0623\u0648\u0631\u0648\u0628\u064a \u0648\u0623\u0644\u0645\u0627\u0646\u064a\u0627\u060c \u0648\u064a\u062a\u0645 \u062a\u0646\u0641\u064a\u0630\u0647 \u0645\u0646 \u0637\u0631\u0641 \u0627\u0644\u0648\u0643\u0627\u0644\u0629 \u0627\u0644\u0623\u0644\u0645\u0627\u0646\u064a\u0629 \u0644\u0644\u062a\u0639\u0627\u0648\u0646 \u0627\u0644\u062f\u0648\u0644\u064a (GIZ) \u0628\u0627\u0644\u062a\u0639\u0627\u0648\u0646 \u0645\u0639 \u0648\u0632\u0627\u0631\u0629 \u0627\u0644\u0637\u0627\u0642\u0629 \u0648\u0627\u0644\u0637\u0627\u0642\u0627\u062a \u0627\u0644\u0645\u062a\u062c\u062f\u062f\u0629\u060c \u0648\u064a\u0647\u062f\u0641 \u0625\u0644\u0649 \u0625\u062d\u062f\u0627\u062b \u062a\u062d\u0648\u0644 \u0645\u0633\u062a\u062f\u0627\u0645 \u0641\u064a \u0627\u0644\u0645\u0646\u0638\u0648\u0645\u0629 \u0627\u0644\u0637\u0627\u0642\u0648\u064a\u0629 \u0627\u0644\u0648\u0637\u0646\u064a\u0629.<br\/><br\/>\u0648\u0628\u0641\u0636\u0644 \u0645\u0648\u0627\u0631\u062f\u0647\u0627 \u0627\u0644\u0637\u0628\u064a\u0639\u064a\u0629 \u0627\u0644\u0648\u0641\u064a\u0631\u0629\u060c \u0644\u0627 \u0633\u064a\u0645\u0627 \u0627\u0644\u0637\u0627\u0642\u0629 \u0627\u0644\u0634\u0645\u0633\u064a\u0629 \u0648\u0637\u0627\u0642\u0629 \u0627\u0644\u0631\u064a\u0627\u062d\u060c \u0625\u0644\u0649 \u062c\u0627\u0646\u0628 \u0627\u0644\u062e\u0628\u0631\u0629 \u0627\u0644\u0645\u062a\u0646\u0627\u0645\u064a\u0629 \u0648\u0627\u0644\u062f\u0639\u0645 \u0627\u0644\u0630\u064a \u064a\u0642\u062f\u0645\u0647 \u0627\u0644\u0634\u0631\u0643\u0627\u0621 \u0627\u0644\u062f\u0648\u0644\u064a\u0648\u0646\u060c \u062a\u0637\u0645\u062d \u0627\u0644\u062c\u0632\u0627\u0626\u0631 \u0625\u0644\u0649 \u0623\u0646 \u062a\u0635\u0628\u062d \u0641\u0627\u0639\u0644\u064b\u0627 \u0631\u0626\u064a\u0633\u064a\u064b\u0627 \u0641\u064a \u062a\u0637\u0648\u064a\u0631 \u0627\u0644\u0637\u0627\u0642\u0627\u062a \u0627\u0644\u0645\u062a\u062c\u062f\u062f\u0629 \u0648\u0627\u0644\u0647\u064a\u062f\u0631\u0648\u062c\u064a\u0646 \u0627\u0644\u0623\u062e\u0636\u0631\u060c \u0645\u0639 \u062a\u0639\u0632\u064a\u0632 \u0646\u0645\u0648 \u0627\u0642\u062a\u0635\u0627\u062f\u064a \u0634\u0627\u0645\u0644 \u0648\u0645\u0633\u062a\u062f\u0627\u0645.<\/p>\n<\/div>\n\n\n\n<div class=\"wp-block-column is-layout-flow wp-block-column-is-layout-flow\" style=\"flex-basis:42%\"><div class=\"wp-block-image fill\">\n<figure class=\"aligncenter size-full has-custom-border\"><img alt=\"\" loading=\"lazy\" decoding=\"async\" width=\"558\" height=\"459\" src=\"https:\/\/taqathyplus.org\/wp-content\/uploads\/2026\/02\/Rectangle-1600.jpg\" alt=\"\" class=\"wp-image-638\" style=\"border-top-left-radius:15px;border-top-right-radius:15px;border-bottom-left-radius:15px;border-bottom-right-radius:15px\" srcset=\"https:\/\/taqathyplus.org\/wp-content\/uploads\/2026\/02\/Rectangle-1600.jpg 558w, https:\/\/taqathyplus.org\/wp-content\/uploads\/2026\/02\/Rectangle-1600-300x247.jpg 300w\" sizes=\"auto, (max-width: 558px) 100vw, 558px\" \/><\/figure>\n<\/div><\/div>\n<\/div>\n\n<div class=\"wp-block-cover alignfull is-light has-custom-content-position is-position-top-center mg-top\" style=\"padding-top:var(--wp--preset--spacing--50);padding-bottom:var(--wp--preset--spacing--50)\"><img alt=\"\" loading=\"lazy\" decoding=\"async\" width=\"1600\" height=\"679\" class=\"wp-block-cover__image-background wp-image-679 size-full\" alt=\"\" src=\"https:\/\/taqathyplus.org\/wp-content\/uploads\/2026\/02\/Frame-4547.jpg\" style=\"object-position:50% 0%\" data-object-fit=\"cover\" data-object-position=\"50% 0%\" srcset=\"https:\/\/taqathyplus.org\/wp-content\/uploads\/2026\/02\/Frame-4547.jpg 1600w, https:\/\/taqathyplus.org\/wp-content\/uploads\/2026\/02\/Frame-4547-300x127.jpg 300w, https:\/\/taqathyplus.org\/wp-content\/uploads\/2026\/02\/Frame-4547-1024x435.jpg 1024w, https:\/\/taqathyplus.org\/wp-content\/uploads\/2026\/02\/Frame-4547-768x326.jpg 768w, https:\/\/taqathyplus.org\/wp-content\/uploads\/2026\/02\/Frame-4547-1536x652.jpg 1536w\" sizes=\"auto, (max-width: 1600px) 100vw, 1600px\" \/><span aria-hidden=\"true\" class=\"wp-block-cover__background has-background-dim\" style=\"background-color:#f1f7fe\"><\/span><div class=\"wp-block-cover__inner-container is-layout-constrained wp-block-cover-is-layout-constrained\">\n<div class=\"wp-block-columns is-layout-flex wp-container-core-columns-is-layout-9d6595d7 wp-block-columns-is-layout-flex\">\n<div class=\"wp-block-column is-layout-flow wp-block-column-is-layout-flow\">\n<h2 class=\"wp-block-heading has-text-align-center text-gradient center\">\u0627\u0644\u0623\u0647\u062f\u0627\u0641<\/h2>\n\n\n    <div class=\"objectifs-container container\">\n                    <div class=\"obj-item\">\n\t\t\t\t                        <div class=\"obj-icon\">\n                            <img decoding=\"async\" src=\"https:\/\/taqathyplus.org\/wp-content\/uploads\/2026\/04\/Frame-4.svg\" \n                                 alt=\"\" \n                                 loading=\"lazy\">\n                        <\/div>\n                                    <div class=\"obj-content\">\n                    <h3>\u0627\u0644\u062d\u062f \u0645\u0646 \u0627\u0646\u0628\u0639\u0627\u062b\u0627\u062a \u0627\u0644\u063a\u0627\u0632\u0627\u062a \u0627\u0644\u062f\u0641\u064a\u0626\u0629<\/h3>\n                    <p>\u062a\u0642\u0644\u064a\u0635 \u0627\u0646\u0628\u0639\u0627\u062b\u0627\u062a \u0627\u0644\u063a\u0627\u0632\u0627\u062a \u0627\u0644\u062f\u0641\u064a\u0626\u0629 \u0645\u0646 7 \u0625\u0644\u0649 20 % \u0628\u062d\u0644\u0648\u0644 \u0639\u0627\u0645 2030.<\/p>\n            <\/div>\n\t\t<\/div>\n                    <div class=\"obj-item\">\n\t\t\t\t                        <div class=\"obj-icon\">\n                            <img decoding=\"async\" src=\"https:\/\/taqathyplus.org\/wp-content\/uploads\/2026\/04\/Frame-2.svg\" \n                                 alt=\"\" \n                                 loading=\"lazy\">\n                        <\/div>\n                                    <div class=\"obj-content\">\n                    <h3>\u0627\u0644\u0643\u0641\u0627\u0621\u0629 \u0627\u0644\u0637\u0627\u0642\u0648\u064a\u0629 \u0627\u0644\u0645\u062d\u0644\u064a\u0629<\/h3>\n                    <p>\u062a\u062d\u0633\u064a\u0646 \u0627\u0644\u0643\u0641\u0627\u0621\u0629 \u0627\u0644\u0637\u0627\u0642\u0648\u064a\u0629 \u0639\u0644\u0649 \u0645\u0633\u062a\u0648\u0649 \u0627\u0644\u062c\u0645\u0627\u0639\u0627\u062a \u0627\u0644\u0645\u062d\u0644\u064a\u0629.\n<\/p>\n            <\/div>\n\t\t<\/div>\n                    <div class=\"obj-item\">\n\t\t\t\t                        <div class=\"obj-icon\">\n                            <img decoding=\"async\" src=\"https:\/\/taqathyplus.org\/wp-content\/uploads\/2026\/04\/Frame-3.svg\" \n                                 alt=\"\" \n                                 loading=\"lazy\">\n                        <\/div>\n                                    <div class=\"obj-content\">\n                    <h3>\u062a\u0637\u0648\u064a\u0631 \u0627\u0644\u0637\u0627\u0642\u0627\u062a \u0627\u0644\u0645\u062a\u062c\u062f\u062f\u0629<\/h3>\n                    <p>\u062a\u0631\u0642\u064a\u0629 \u0627\u0633\u062a\u062e\u062f\u0627\u0645 \u0627\u0644\u0637\u0627\u0642\u0627\u062a \u0627\u0644\u0645\u062a\u062c\u062f\u062f\u0629 \u0645\u0646 \u062e\u0644\u0627\u0644 \u0645\u0634\u0627\u0631\u064a\u0639 \u0648\u0627\u0633\u0639\u0629 \u0648\u0645\u062a\u0648\u0633\u0637\u0629 \u0627\u0644\u0646\u0637\u0627\u0642.<\/p>\n            <\/div>\n\t\t<\/div>\n                    <div class=\"obj-item\">\n\t\t\t\t                        <div class=\"obj-icon\">\n                            <img decoding=\"async\" src=\"https:\/\/taqathyplus.org\/wp-content\/uploads\/2026\/04\/Frame-1.svg\" \n                                 alt=\"\" \n                                 loading=\"lazy\">\n                        <\/div>\n                                    <div class=\"obj-content\">\n                    <h3>\u0627\u0642\u062a\u0635\u0627\u062f \u0627\u0644\u0647\u064a\u062f\u0631\u0648\u062c\u064a\u0646 \u0627\u0644\u0623\u062e\u0636\u0631<\/h3>\n                    <p>\u062a\u0637\u0648\u064a\u0631 \u0627\u0642\u062a\u0635\u0627\u062f \u0627\u0644\u0647\u064a\u062f\u0631\u0648\u062c\u064a\u0646 \u0627\u0644\u0623\u062e\u0636\u0631 \u0641\u064a \u0627\u0644\u062c\u0632\u0627\u0626\u0631\n<\/p>\n            <\/div>\n\t\t<\/div>\n            <\/div>\n    \n<\/div>\n<\/div>\n<\/div><\/div>\n\n<div class=\"wp-block-cover mg-top approche\" style=\"border-top-left-radius:25px;border-top-right-radius:25px;border-bottom-left-radius:25px;border-bottom-right-radius:25px;padding-top:var(--wp--preset--spacing--50);padding-bottom:var(--wp--preset--spacing--50)\"><img alt=\"\" loading=\"lazy\" decoding=\"async\" width=\"1360\" height=\"695\" class=\"wp-block-cover__image-background wp-image-700 size-full\" alt=\"\" src=\"https:\/\/taqathyplus.org\/wp-content\/uploads\/2026\/02\/Rectangle-1601.jpg\" data-object-fit=\"cover\" srcset=\"https:\/\/taqathyplus.org\/wp-content\/uploads\/2026\/02\/Rectangle-1601.jpg 1360w, https:\/\/taqathyplus.org\/wp-content\/uploads\/2026\/02\/Rectangle-1601-300x153.jpg 300w, https:\/\/taqathyplus.org\/wp-content\/uploads\/2026\/02\/Rectangle-1601-1024x523.jpg 1024w, https:\/\/taqathyplus.org\/wp-content\/uploads\/2026\/02\/Rectangle-1601-768x392.jpg 768w\" sizes=\"auto, (max-width: 1360px) 100vw, 1360px\" \/><span aria-hidden=\"true\" class=\"wp-block-cover__background has-background-dim wp-block-cover__gradient-background has-background-gradient\" style=\"background:linear-gradient(162deg,rgb(0,73,94) 1%,rgb(0,152,116) 98%)\"><\/span><div class=\"wp-block-cover__inner-container is-layout-constrained wp-block-cover-is-layout-constrained\">\n<h3 class=\"wp-block-heading has-text-align-center\">\u0645\u0646\u0647\u062c\u064a\u062a\u0646\u0627<\/h3>\n\n\n\n<p class=\"has-text-align-center\">\u064a\u062f\u0639\u0645 \u0627\u0644\u0645\u0634\u0631\u0648\u0639 \u0628\u0634\u0643\u0644 \u0623\u0633\u0627\u0633\u064a \u0623\u0646\u0634\u0637\u0629 \u0627\u0644\u0627\u0633\u062a\u0634\u0627\u0631\u0627\u062a \u0648\u0627\u0644\u0628\u062d\u0648\u062b \u0648\u0627\u0644\u062a\u062f\u0631\u064a\u0628 \u0641\u064a \u0645\u062c\u0627\u0644\u0627\u062a \u0627\u0644\u0639\u0645\u0644 \u0627\u0644\u062a\u0627\u0644\u064a\u0629: <\/p>\n\n\n\n<ul class=\"wp-block-list\">\n<li>\u062a\u0639\u0632\u064a\u0632 \u0627\u0644\u0642\u062f\u0631\u0627\u062a \u0644\u062a\u0637\u0648\u064a\u0631 \u0648\u0625\u062f\u0645\u0627\u062c \u0645\u0634\u0627\u0631\u064a\u0639 \u0643\u0628\u0631\u0649 \u0644\u0644\u0637\u0627\u0642\u0627\u062a \u0627\u0644\u0645\u062a\u062c\u062f\u062f\u0629 (EnR) \u0641\u064a \u0627\u0644\u0634\u0628\u0643\u0629 \u0627\u0644\u0643\u0647\u0631\u0628\u0627\u0626\u064a\u0629.<\/li>\n\n\n\n<li>Am\u00e9lioration des conditions de mise en \u0153uvre des projets EnR de moyenne capacit\u00e9 au sein des institutions et pour les acteurs du secteur (y compris le d\u00e9veloppement des cha\u00eenes de valeur et des m\u00e9canismes de financement EnR).<\/li>\n\n\n\n<li>\u062f\u0639\u0645 \u0647\u064a\u0643\u0644\u0629 \u0627\u0642\u062a\u0635\u0627\u062f \u0644\u0644\u0647\u064a\u062f\u0631\u0648\u062c\u064a\u0646 \u0627\u0644\u0623\u062e\u0636\u0631 \u0645\u0648\u0644\u0651\u0650\u062f \u0644\u0644\u0646\u0645\u0648 \u0648\u0641\u0631\u0635 \u0627\u0644\u0639\u0645\u0644.<\/li>\n\n\n\n<li>\u062a\u0642\u064a\u064a\u0645 \u0648\u0625\u062a\u0627\u062d\u0629 \u0642\u0627\u0639\u062f\u0629 \u0645\u0639\u0644\u0648\u0645\u0627\u062a \u062d\u0648\u0644 \u0625\u0645\u0643\u0627\u0646\u0627\u062a \u0627\u0644\u062a\u0637\u0628\u064a\u0642\u0627\u062a \u0627\u0644\u0648\u0637\u0646\u064a\u0629 \u0644\u0644\u0647\u064a\u062f\u0631\u0648\u062c\u064a\u0646 \u0627\u0644\u0623\u062e\u0636\u0631 \u0648\u062a\u0642\u0646\u064a\u0627\u062a &#8220;Power-to-X&#8221; (PtX).<\/li>\n\n\n\n<li>\u062a\u062d\u0633\u064a\u0646 \u0643\u0641\u0627\u0621\u0629 \u0627\u0644\u0637\u0627\u0642\u0629\u060c \u0648\u0627\u0644\u062d\u062f \u0645\u0646 \u0627\u0644\u062d\u0631\u0642 \u0641\u064a \u0627\u0644\u0645\u0634\u0627\u0639\u0644\u060c \u0648\u0627\u0644\u062a\u062e\u0641\u064a\u0641 \u0645\u0646 \u0627\u0646\u0628\u0639\u0627\u062b\u0627\u062a \u0627\u0644\u0645\u064a\u062b\u0627\u0646\u060c \u0628\u0645\u0627 \u064a\u0646\u0633\u062c\u0645 \u0645\u0639 \u0627\u0644\u0627\u0644\u062a\u0632\u0627\u0645\u0627\u062a \u0627\u0644\u0645\u0646\u0627\u062e\u064a\u0629 \u0648\u0627\u0644\u0628\u064a\u0626\u064a\u0629 \u0644\u0644\u062c\u0632\u0627\u0626\u0631.<\/li>\n<\/ul>\n<\/div><\/div>\n\n<div class=\"wp-block-cover is-light mg-top approche\" style=\"border-top-left-radius:25px;border-top-right-radius:25px;border-bottom-left-radius:25px;border-bottom-right-radius:25px;padding-top:var(--wp--preset--spacing--30);padding-right:50px;padding-bottom:var(--wp--preset--spacing--30);padding-left:50px;min-height:250px;aspect-ratio:unset;\"><img alt=\"\" loading=\"lazy\" decoding=\"async\" width=\"1600\" height=\"482\" class=\"wp-block-cover__image-background wp-image-1256 size-full\" alt=\"\" src=\"https:\/\/taqathyplus.org\/wp-content\/uploads\/2026\/04\/download.jpg\" data-object-fit=\"cover\" srcset=\"https:\/\/taqathyplus.org\/wp-content\/uploads\/2026\/04\/download.jpg 1600w, https:\/\/taqathyplus.org\/wp-content\/uploads\/2026\/04\/download-300x90.jpg 300w, https:\/\/taqathyplus.org\/wp-content\/uploads\/2026\/04\/download-1024x308.jpg 1024w, https:\/\/taqathyplus.org\/wp-content\/uploads\/2026\/04\/download-768x231.jpg 768w, https:\/\/taqathyplus.org\/wp-content\/uploads\/2026\/04\/download-1536x463.jpg 1536w\" sizes=\"auto, (max-width: 1600px) 100vw, 1600px\" \/><span aria-hidden=\"true\" class=\"wp-block-cover__background has-background-dim-70 has-background-dim\" style=\"background-color:#aceaff\"><\/span><div class=\"wp-block-cover__inner-container is-layout-constrained wp-container-core-cover-is-layout-e4e76148 wp-block-cover-is-layout-constrained\">\n<p class=\"has-text-align-center\"><strong>\u0644\u0645\u0632\u064a\u062f \u0645\u0646 \u0627\u0644\u0645\u0639\u0644\u0648\u0645\u0627\u062a\u060c \u0627\u0637\u0651\u0644\u0639\u0648\u0627 \u0639\u0644\u0649 \u0628\u0637\u0627\u0642\u0629 \u0628\u0631\u0646\u0627\u0645\u062c \u0637\u0627\u0642\u0627\u062a\u064a+<\/strong><\/p>\n\n\n\n<div class=\"wp-block-buttons is-content-justification-center is-layout-flex wp-container-core-buttons-is-layout-b77a27ff wp-block-buttons-is-layout-flex\" style=\"padding-top:var(--wp--preset--spacing--40);padding-bottom:var(--wp--preset--spacing--40)\">\n<div class=\"wp-block-button\"><a class=\"wp-block-button__link has-background wp-element-button\" href=\"https:\/\/taqathyplus.org\/wp-content\/uploads\/2026\/04\/Factsheet-AR-_-TaqatHy_UE-1.pdf\" style=\"background:linear-gradient(135deg,rgb(21,178,222) 27%,rgb(37,187,11) 100%)\">\u062a\u062d\u0645\u064a\u0644<\/a><\/div>\n<\/div>\n<\/div><\/div>\n\n<div style=\"height:140px\" aria-hidden=\"true\" class=\"wp-block-spacer\"><\/div>\n\n<p><\/p>\n","protected":false},"excerpt":{"rendered":"<p>\u0645\u0634\u0631\u0648\u0639 \u0627\u0633\u062a\u0631\u0627\u062a\u064a\u062c\u064a \u0644\u0645\u0633\u062a\u0642\u0628\u0644 \u0627\u0644\u0637\u0627\u0642\u0629 \u0641\u064a \u0627\u0644\u062c\u0632\u0627\u0626\u0631 \u0641\u064a \u0638\u0644 \u0627\u0644\u062a\u062d\u062f\u064a\u0627\u062a \u0627\u0644\u0645\u0646\u0627\u062e\u064a\u0629 \u0627\u0644\u0639\u0627\u0644\u0645\u064a\u0629 \u0627\u0644\u0645\u062a\u0633\u0627\u0631\u0639\u0629 \u0648\u0627\u0644\u0633\u0639\u064a \u0646\u062d\u0648 \u062a\u062d\u0642\u064a\u0642 \u0627\u0644\u062a\u0646\u0645\u064a\u0629 \u0627\u0644\u0645\u0633\u062a\u062f\u0627\u0645\u0629\u060c \u062a\u0646\u062e\u0631\u0637 \u0627\u0644\u062c\u0632\u0627\u0626\u0631 \u0628\u0634\u0643\u0644 \u062d\u0627\u0632\u0645 \u0641\u064a \u0645\u0633\u0627\u0631 \u0627\u0646\u062a\u0642\u0627\u0644 \u0637\u0627\u0642\u0648\u064a \u0637\u0645\u0648\u062d\u060c \u064a\u062a\u0645\u0627\u0634\u0649 \u0645\u0639 \u0627\u0644\u062a\u0632\u0627\u0645\u0627\u062a\u0647\u0627 \u0627\u0644\u0628\u064a\u0626\u064a\u0629 \u0648\u0627\u0644\u0627\u0642\u062a\u0635\u0627\u062f\u064a\u0629 \u0648\u0627\u0644\u0627\u062c\u062a\u0645\u0627\u0639\u064a\u0629. \u0648\u0641\u064a \u0647\u0630\u0627 \u0627\u0644\u0625\u0637\u0627\u0631 \u064a\u0646\u062f\u0631\u062c \u0645\u0634\u0631\u0648\u0639 \u0637\u0627\u0642\u0627\u062a\u064a+\u060c \u0648\u0647\u0648 \u0628\u0631\u0646\u0627\u0645\u062c \u0647\u064a\u0643\u0644\u064a \u0648\u0627\u0639\u062f \u0644\u0644\u0645\u0633\u062a\u0642\u0628\u0644. \u064a\u062a\u0645 \u062a\u0645\u0648\u064a\u0644\u0647 \u0628\u0634\u0643\u0644 \u0645\u0634\u062a\u0631\u0643 \u0645\u0646 \u0642\u0628\u0644 \u0627\u0644\u0627\u062a\u062d\u0627\u062f \u0627\u0644\u0623\u0648\u0631\u0648\u0628\u064a \u0648\u0623\u0644\u0645\u0627\u0646\u064a\u0627\u060c \u0648\u064a\u062a\u0645 \u062a\u0646\u0641\u064a\u0630\u0647 \u0645\u0646&hellip;&nbsp;<a href=\"https:\/\/taqathyplus.org\/ar\/taqathy\/\" rel=\"bookmark\">\u0627\u0642\u0631\u0623 \u0627\u0644\u0645\u0632\u064a\u062f &raquo;<span class=\"screen-reader-text\">\u0637\u0627\u0642\u0627\u062a\u064a+<\/span><\/a><\/p>\n","protected":false},"author":1,"featured_media":1160,"parent":0,"menu_order":0,"comment_status":"closed","ping_status":"closed","template":"","meta":{"_acf_changed":false,"_seopress_robots_primary_cat":"","_seopress_titles_title":"","_seopress_titles_desc":"","_seopress_robots_index":"","neve_meta_sidebar":"","neve_meta_container":"","neve_meta_enable_content_width":"","neve_meta_content_width":0,"neve_meta_title_alignment":"","neve_meta_author_avatar":"","neve_post_elements_order":"","neve_meta_disable_header":"","neve_meta_disable_footer":"","neve_meta_disable_title":"","footnotes":""},"class_list":["post-1161","page","type-page","status-publish","has-post-thumbnail","hentry"],"acf":[],"_links":{"self":[{"href":"https:\/\/taqathyplus.org\/ar\/wp-json\/wp\/v2\/pages\/1161","targetHints":{"allow":["GET"]}}],"collection":[{"href":"https:\/\/taqathyplus.org\/ar\/wp-json\/wp\/v2\/pages"}],"about":[{"href":"https:\/\/taqathyplus.org\/ar\/wp-json\/wp\/v2\/types\/page"}],"author":[{"embeddable":true,"href":"https:\/\/taqathyplus.org\/ar\/wp-json\/wp\/v2\/users\/1"}],"replies":[{"embeddable":true,"href":"https:\/\/taqathyplus.org\/ar\/wp-json\/wp\/v2\/comments?post=1161"}],"version-history":[{"count":13,"href":"https:\/\/taqathyplus.org\/ar\/wp-json\/wp\/v2\/pages\/1161\/revisions"}],"predecessor-version":[{"id":2011,"href":"https:\/\/taqathyplus.org\/ar\/wp-json\/wp\/v2\/pages\/1161\/revisions\/2011"}],"wp:featuredmedia":[{"embeddable":true,"href":"https:\/\/taqathyplus.org\/ar\/wp-json\/wp\/v2\/media\/1160"}],"wp:attachment":[{"href":"https:\/\/taqathyplus.org\/ar\/wp-json\/wp\/v2\/media?parent=1161"}],"curies":[{"name":"wp","href":"https:\/\/api.w.org\/{rel}","templated":true}]}}